{"id":777,"date":"2024-03-13T13:43:56","date_gmt":"2024-03-13T12:43:56","guid":{"rendered":"https:\/\/escalerasescalibur.com\/my-account\/"},"modified":"2024-06-11T12:00:39","modified_gmt":"2024-06-11T10:00:39","slug":"my-account","status":"publish","type":"page","link":"https:\/\/escalerasescalibur.com\/ca\/my-account\/","title":{"rendered":"My Account"},"content":{"rendered":"\t\t<div data-elementor-type=\"wp-page\" data-elementor-id=\"777\" class=\"elementor elementor-777 elementor-18\" data-elementor-post-type=\"page\">\n\t\t\t\t<div class=\"elementor-element elementor-element-89c68f5 e-con-full e-flex e-con e-parent\" data-id=\"89c68f5\" data-element_type=\"container\" data-e-type=\"container\">\n\t\t<div class=\"elementor-element elementor-element-3ad5410 e-flex e-con-boxed e-con e-child\" data-id=\"3ad5410\" data-element_type=\"container\" data-e-type=\"container\">\n\t\t\t\t\t<div class=\"e-con-inner\">\n\t\t\t\t<div class=\"elementor-element elementor-element-a95583d elementor-widget elementor-widget-global elementor-global-368 elementor-widget-woocommerce-breadcrumb\" data-id=\"a95583d\" data-element_type=\"widget\" data-e-type=\"widget\" data-widget_type=\"woocommerce-breadcrumb.default\">\n\t\t\t\t<div class=\"elementor-widget-container\">\n\t\t\t\t\t<nav class=\"woocommerce-breadcrumb\" aria-label=\"Breadcrumb\">Inici<\/nav>\t\t\t\t<\/div>\n\t\t\t\t<\/div>\n\t\t\t\t\t<\/div>\n\t\t\t\t<\/div>\n\t\t<div class=\"elementor-element elementor-element-26fd1240 e-con-full e-flex e-con e-child\" data-id=\"26fd1240\" data-element_type=\"container\" data-e-type=\"container\" data-settings=\"{&quot;background_background&quot;:&quot;classic&quot;}\">\n\t\t<div class=\"elementor-element elementor-element-2d3ecb4c e-flex e-con-boxed e-con e-child\" data-id=\"2d3ecb4c\" data-element_type=\"container\" data-e-type=\"container\">\n\t\t\t\t\t<div class=\"e-con-inner\">\n\t\t\t\t<div class=\"elementor-element elementor-element-6f45df17 elementor-widget elementor-widget-heading\" data-id=\"6f45df17\" data-element_type=\"widget\" data-e-type=\"widget\" data-widget_type=\"heading.default\">\n\t\t\t\t<div class=\"elementor-widget-container\">\n\t\t\t\t\t<h1 class=\"elementor-heading-title elementor-size-default\">My Account<\/h1>\t\t\t\t<\/div>\n\t\t\t\t<\/div>\n\t\t\t\t\t<\/div>\n\t\t\t\t<\/div>\n\t\t\t\t<\/div>\n\t\t\t\t<\/div>\n\t\t<div class=\"elementor-element elementor-element-6f17278 e-flex e-con-boxed e-con e-parent\" data-id=\"6f17278\" data-element_type=\"container\" data-e-type=\"container\">\n\t\t\t\t\t<div class=\"e-con-inner\">\n\t\t\t\t<div class=\"elementor-element elementor-element-f409977 e-my-account-tabs-vertical elementor-widget elementor-widget-woocommerce-my-account\" data-id=\"f409977\" data-element_type=\"widget\" data-e-type=\"widget\" data-widget_type=\"woocommerce-my-account.default\">\n\t\t\t\t<div class=\"elementor-widget-container\">\n\t\t\t\t\t<div class=\"e-my-account-tab e-my-account-tab__ \">\t\t\t<div class=\"woocommerce\"><\/div>\t\t<\/div>\n\t\t\t\t\t\t<\/div>\n\t\t\t\t<\/div>\n\t\t\t\t\t<\/div>\n\t\t\t\t<\/div>\n\t\t\t\t<\/div>\n\t\t","protected":false},"excerpt":{"rendered":"<p>Escritorio Pedidos Direcciones Detalles de la cuenta Cerrar sesi\u00f3n Hola Alph4_user (\u00bfno eres Alph4_user? Cerrar sesi\u00f3n) Desde el escritorio de tu cuenta puedes ver tus pedidos recientes, gestionar tus direcciones de env\u00edo y facturaci\u00f3n y editar tu contrase\u00f1a y los detalles de tu cuenta.<\/p>\n","protected":false},"author":1,"featured_media":0,"parent":0,"menu_order":25,"comment_status":"closed","ping_status":"closed","template":"","meta":{"_acf_changed":false,"footnotes":""},"class_list":["post-777","page","type-page","status-publish","hentry"],"acf":[],"yoast_head":"<title>My Account - Escaleras Escalibur<\/title>\n<meta name=\"robots\" content=\"index, follow, max-snippet:-1, max-image-preview:large, max-video-preview:-1\" \/>\n<link rel=\"canonical\" href=\"https:\/\/escalerasescalibur.com\/ca\/my-account\/\" \/>\n<meta property=\"og:locale\" content=\"ca_ES\" \/>\n<meta property=\"og:type\" content=\"article\" \/>\n<meta property=\"og:title\" content=\"My Account - Escaleras Escalibur\" \/>\n<meta property=\"og:description\" content=\"Escritorio Pedidos Direcciones Detalles de la cuenta Cerrar sesi\u00f3n Hola Alph4_user (\u00bfno eres Alph4_user? Cerrar sesi\u00f3n) Desde el escritorio de tu cuenta puedes ver tus pedidos recientes, gestionar tus direcciones de env\u00edo y facturaci\u00f3n y editar tu contrase\u00f1a y los detalles de tu cuenta.\" \/>\n<meta property=\"og:url\" content=\"https:\/\/escalerasescalibur.com\/ca\/my-account\/\" \/>\n<meta property=\"og:site_name\" content=\"Escaleras Escalibur\" \/>\n<meta property=\"article:modified_time\" content=\"2024-06-11T10:00:39+00:00\" \/>\n<meta name=\"twitter:card\" content=\"summary_large_image\" \/>\n<script type=\"application\/ld+json\" class=\"yoast-schema-graph\">{\"@context\":\"https:\\\/\\\/schema.org\",\"@graph\":[{\"@type\":\"WebPage\",\"@id\":\"https:\\\/\\\/escalerasescalibur.com\\\/ca\\\/my-account\\\/\",\"url\":\"https:\\\/\\\/escalerasescalibur.com\\\/ca\\\/my-account\\\/\",\"name\":\"My Account - Escaleras Escalibur\",\"isPartOf\":{\"@id\":\"https:\\\/\\\/escalerasescalibur.com\\\/ca\\\/#website\"},\"datePublished\":\"2024-03-13T12:43:56+00:00\",\"dateModified\":\"2024-06-11T10:00:39+00:00\",\"breadcrumb\":{\"@id\":\"https:\\\/\\\/escalerasescalibur.com\\\/ca\\\/my-account\\\/#breadcrumb\"},\"inLanguage\":\"ca\",\"potentialAction\":[{\"@type\":\"ReadAction\",\"target\":[\"https:\\\/\\\/escalerasescalibur.com\\\/ca\\\/my-account\\\/\"]}]},{\"@type\":\"BreadcrumbList\",\"@id\":\"https:\\\/\\\/escalerasescalibur.com\\\/ca\\\/my-account\\\/#breadcrumb\",\"itemListElement\":[{\"@type\":\"ListItem\",\"position\":1,\"name\":\"Inicio\",\"item\":\"https:\\\/\\\/escalerasescalibur.com\\\/ca\\\/\"},{\"@type\":\"ListItem\",\"position\":2,\"name\":\"My Account\"}]},{\"@type\":\"WebSite\",\"@id\":\"https:\\\/\\\/escalerasescalibur.com\\\/ca\\\/#website\",\"url\":\"https:\\\/\\\/escalerasescalibur.com\\\/ca\\\/\",\"name\":\"Escaleras Escalibur\",\"description\":\"Fabricantes de escaleras, taburetes y andamios de uso dom\u00e9stico.\",\"publisher\":{\"@id\":\"https:\\\/\\\/escalerasescalibur.com\\\/ca\\\/#organization\"},\"potentialAction\":[{\"@type\":\"SearchAction\",\"target\":{\"@type\":\"EntryPoint\",\"urlTemplate\":\"https:\\\/\\\/escalerasescalibur.com\\\/ca\\\/?s={search_term_string}\"},\"query-input\":{\"@type\":\"PropertyValueSpecification\",\"valueRequired\":true,\"valueName\":\"search_term_string\"}}],\"inLanguage\":\"ca\"},{\"@type\":\"Organization\",\"@id\":\"https:\\\/\\\/escalerasescalibur.com\\\/ca\\\/#organization\",\"name\":\"Escaleras Escalibur\",\"url\":\"https:\\\/\\\/escalerasescalibur.com\\\/ca\\\/\",\"logo\":{\"@type\":\"ImageObject\",\"inLanguage\":\"ca\",\"@id\":\"https:\\\/\\\/escalerasescalibur.com\\\/ca\\\/#\\\/schema\\\/logo\\\/image\\\/\",\"url\":\"https:\\\/\\\/escalerasescalibur.com\\\/wp-content\\\/uploads\\\/2024\\\/03\\\/512x89-LOGO-ESCALIBUR-SLOGAN.svg\",\"contentUrl\":\"https:\\\/\\\/escalerasescalibur.com\\\/wp-content\\\/uploads\\\/2024\\\/03\\\/512x89-LOGO-ESCALIBUR-SLOGAN.svg\",\"caption\":\"Escaleras Escalibur\"},\"image\":{\"@id\":\"https:\\\/\\\/escalerasescalibur.com\\\/ca\\\/#\\\/schema\\\/logo\\\/image\\\/\"}}]}<\/script>","yoast_head_json":{"title":"My Account - Escaleras Escalibur","robots":{"index":"index","follow":"follow","max-snippet":"max-snippet:-1","max-image-preview":"max-image-preview:large","max-video-preview":"max-video-preview:-1"},"canonical":"https:\/\/escalerasescalibur.com\/ca\/my-account\/","og_locale":"ca_ES","og_type":"article","og_title":"My Account - Escaleras Escalibur","og_description":"Escritorio Pedidos Direcciones Detalles de la cuenta Cerrar sesi\u00f3n Hola Alph4_user (\u00bfno eres Alph4_user? Cerrar sesi\u00f3n) Desde el escritorio de tu cuenta puedes ver tus pedidos recientes, gestionar tus direcciones de env\u00edo y facturaci\u00f3n y editar tu contrase\u00f1a y los detalles de tu cuenta.","og_url":"https:\/\/escalerasescalibur.com\/ca\/my-account\/","og_site_name":"Escaleras Escalibur","article_modified_time":"2024-06-11T10:00:39+00:00","twitter_card":"summary_large_image","schema":{"@context":"https:\/\/schema.org","@graph":[{"@type":"WebPage","@id":"https:\/\/escalerasescalibur.com\/ca\/my-account\/","url":"https:\/\/escalerasescalibur.com\/ca\/my-account\/","name":"My Account - Escaleras Escalibur","isPartOf":{"@id":"https:\/\/escalerasescalibur.com\/ca\/#website"},"datePublished":"2024-03-13T12:43:56+00:00","dateModified":"2024-06-11T10:00:39+00:00","breadcrumb":{"@id":"https:\/\/escalerasescalibur.com\/ca\/my-account\/#breadcrumb"},"inLanguage":"ca","potentialAction":[{"@type":"ReadAction","target":["https:\/\/escalerasescalibur.com\/ca\/my-account\/"]}]},{"@type":"BreadcrumbList","@id":"https:\/\/escalerasescalibur.com\/ca\/my-account\/#breadcrumb","itemListElement":[{"@type":"ListItem","position":1,"name":"Inicio","item":"https:\/\/escalerasescalibur.com\/ca\/"},{"@type":"ListItem","position":2,"name":"My Account"}]},{"@type":"WebSite","@id":"https:\/\/escalerasescalibur.com\/ca\/#website","url":"https:\/\/escalerasescalibur.com\/ca\/","name":"Escaleras Escalibur","description":"Fabricantes de escaleras, taburetes y andamios de uso dom\u00e9stico.","publisher":{"@id":"https:\/\/escalerasescalibur.com\/ca\/#organization"},"potentialAction":[{"@type":"SearchAction","target":{"@type":"EntryPoint","urlTemplate":"https:\/\/escalerasescalibur.com\/ca\/?s={search_term_string}"},"query-input":{"@type":"PropertyValueSpecification","valueRequired":true,"valueName":"search_term_string"}}],"inLanguage":"ca"},{"@type":"Organization","@id":"https:\/\/escalerasescalibur.com\/ca\/#organization","name":"Escaleras Escalibur","url":"https:\/\/escalerasescalibur.com\/ca\/","logo":{"@type":"ImageObject","inLanguage":"ca","@id":"https:\/\/escalerasescalibur.com\/ca\/#\/schema\/logo\/image\/","url":"https:\/\/escalerasescalibur.com\/wp-content\/uploads\/2024\/03\/512x89-LOGO-ESCALIBUR-SLOGAN.svg","contentUrl":"https:\/\/escalerasescalibur.com\/wp-content\/uploads\/2024\/03\/512x89-LOGO-ESCALIBUR-SLOGAN.svg","caption":"Escaleras Escalibur"},"image":{"@id":"https:\/\/escalerasescalibur.com\/ca\/#\/schema\/logo\/image\/"}}]}},"_links":{"self":[{"href":"https:\/\/escalerasescalibur.com\/ca\/wp-json\/wp\/v2\/pages\/777","targetHints":{"allow":["GET"]}}],"collection":[{"href":"https:\/\/escalerasescalibur.com\/ca\/wp-json\/wp\/v2\/pages"}],"about":[{"href":"https:\/\/escalerasescalibur.com\/ca\/wp-json\/wp\/v2\/types\/page"}],"author":[{"embeddable":true,"href":"https:\/\/escalerasescalibur.com\/ca\/wp-json\/wp\/v2\/users\/1"}],"replies":[{"embeddable":true,"href":"https:\/\/escalerasescalibur.com\/ca\/wp-json\/wp\/v2\/comments?post=777"}],"version-history":[{"count":0,"href":"https:\/\/escalerasescalibur.com\/ca\/wp-json\/wp\/v2\/pages\/777\/revisions"}],"wp:attachment":[{"href":"https:\/\/escalerasescalibur.com\/ca\/wp-json\/wp\/v2\/media?parent=777"}],"curies":[{"name":"wp","href":"https:\/\/api.w.org\/{rel}","templated":true}]}}